{"id":138,"date":"2017-05-08T20:26:13","date_gmt":"2017-05-08T20:26:13","guid":{"rendered":"http:\/\/www.kommfeiermit.de\/?page_id=138"},"modified":"2017-09-24T11:12:06","modified_gmt":"2017-09-24T11:12:06","slug":"1221221-einladung","status":"publish","type":"page","link":"https:\/\/www.kommfeiermit.de\/","title":{"rendered":"Claudia und Hans-J\u00f6rg &#8211; wir haben uns getraut\u2763"},"content":{"rendered":"<h2>Unsere Trauung<\/h2>\n<p>Trauen wollten wir uns nur zu zweit ???? &#8211; mehr braucht es daf\u00fcr nicht. \u00dcberraschend sind unsere Kinder pl\u00f6tzlich aufgetaucht, irgendwo muss wohl es einen Whistleblower gegeben haben!<\/p>\n<p>Als Standesamt hatten wir Gernsbach ausgew\u00e4hlt, weil wir anschlie\u00dfend wenigstens einen Abend und eine Nacht alleine im Schloss Eberstein verbringen wollten. <img loading=\"lazy\" decoding=\"async\" class=\"size-medium wp-image-626 alignright\" src=\"http:\/\/www.kommfeiermit.de\/wp-content\/uploads\/2017\/05\/3_02-1-300x149.jpg\" alt=\"\" width=\"300\" height=\"149\" srcset=\"https:\/\/www.kommfeiermit.de\/wp-content\/uploads\/2017\/05\/3_02-1-300x149.jpg 300w, https:\/\/www.kommfeiermit.de\/wp-content\/uploads\/2017\/05\/3_02-1.jpg 400w\" sizes=\"auto, (max-width: 300px) 85vw, 300px\" \/>Die Entscheidung f\u00fcr Gernsbach war genau richtig. Unsere Standesbeamtin hat uns so liebevoll &#8222;verm\u00e4hlt&#8220;, dass es neben viel Spa\u00df auch das eine oder andere feuchte Auge gab????????.<\/p>\n<p><img loading=\"lazy\" decoding=\"async\" class=\"size-medium wp-image-678 alignleft\" src=\"http:\/\/www.kommfeiermit.de\/wp-content\/uploads\/2017\/05\/3_04_03-300x200.jpg\" alt=\"\" width=\"300\" height=\"200\" srcset=\"https:\/\/www.kommfeiermit.de\/wp-content\/uploads\/2017\/05\/3_04_03-300x200.jpg 300w, https:\/\/www.kommfeiermit.de\/wp-content\/uploads\/2017\/05\/3_04_03.jpg 400w\" sizes=\"auto, (max-width: 300px) 85vw, 300px\" \/>Die Freude \u00fcber unsere neue Verbundenheit m\u00f6chten wir jetzt gerne teilen. Dazu laden wir dich herzlichst zu unserer Hochzeitsparty ein. Wir freuen uns \u00fcber ein lockeres Fest, zum Start gibt es gem\u00fctliches Beisammensein beim Brunch????, abends nach dem Essen abfeiern bei Musik ???? und Tanz. Da wir etwas au\u00dferhalb feiern, wollen wir uns f\u00fcr alle Interessierte (die vielleicht Alkohol trinken wollen) um \u00dcbernachtungsm\u00f6glichkeiten k\u00fcmmern. Entweder direkt vor Ort auf Matte und Schlafsack, oder im eigenen Auto\/Wohnmobil. Es sollte aber auch m\u00f6glich sein in der N\u00e4he Zimmer zu besorgen. Bitte mach dir auch keinen Stress wegen Geschenken. Das sch\u00f6nste Geschenk ist, wenn du mit uns zusammen feierst!<\/p>\n<h2>Und die Details?<\/h2>\n<p>Die Feier findet am <strong>16. September 2017<\/strong> statt. Manche kennen das Datum schon von anderen Feiern. Das ist aber an dem Tag egal.<\/p>\n<p><img loading=\"lazy\" decoding=\"async\" class=\"size-medium wp-image-613 alignleft\" src=\"http:\/\/www.kommfeiermit.de\/wp-content\/uploads\/2017\/05\/3_01-225x300.jpg\" alt=\"\" width=\"225\" height=\"300\" srcset=\"https:\/\/www.kommfeiermit.de\/wp-content\/uploads\/2017\/05\/3_01-225x300.jpg 225w, https:\/\/www.kommfeiermit.de\/wp-content\/uploads\/2017\/05\/3_01.jpg 300w\" sizes=\"auto, (max-width: 225px) 85vw, 225px\" \/>Wir feiern am Gumpen in Michelbach. Weitere Infos zu dem wundersch\u00f6nen Platz findest du <a href=\"http:\/\/www.murgtal.org\/Media\/Attraktionen\/Der-Michelbacher-Gumbe\" target=\"_blank\" rel=\"noopener noreferrer\">hier.<\/a> Bitte aufpassen, die Routenberechnung auf der Seite f\u00fchrt nicht direkt zum Gumpen.<\/p>\n<p>Besser nach dieser Adresse fahren:<br \/>\n<strong><span class=\"section-info-text\">Otto-Hirth-Stra\u00dfe 25, 76571 Gaggenau<br \/>\n<\/span><\/strong>Oder <a href=\"https:\/\/www.google.com\/maps\/place\/Gumbe+Michelbach\/@48.815447,8.3663709,18.08z\/data=!4m5!3m4!1s0x0:0x3f84f59e36359ad8!8m2!3d48.8151993!4d8.3695221\" target=\"_blank\" rel=\"noopener\">diesen<\/a> Google Maps Link f\u00fcr die Planung benutzen.<\/p>\n<p>Wir hoffen nat\u00fcrlich auf gutes Wetter, trotzdem werden wir ein Zelt organisieren. Los geht es um 11 Uhr, wie oben beschrieben gibt es erst mal Brunch. Tags\u00fcber kann man es sich dort einfach gut gehen lassen, wandern, Boule spielen und anderes. Abends w\u00fcrden wenigstens wir zwei ab und zu ein bisschen tanzen (@Stephan: Trancedance!). Wir freuen uns \u00fcber jeden der hier mitmischt.<\/p>\n<h2>Kommst du?<\/h2>\n<p>Wegen uns kann jeder kommen wann und wie er Lust hat, f\u00fcr die Planung brauchen wir aber ein paar Angaben von dir.<\/p>\n<ul>\n<li>Kommst du zu unserem Fest?<\/li>\n<li>Wen m\u00f6chtest du mitbringen?<\/li>\n<li>Willst du den ganzen Tag dabei sein oder nur abends abfeiern?<\/li>\n<li>M\u00f6chtest du \u00fcbernachten, rustikal oder sollen wir ein Zimmer besorgen?<\/li>\n<\/ul>\n<p>Du kannst uns per E-Mail, Telefon, Whatsapp oder ganz direkt Bescheid sagen, das ist egal. Aber bitte bis sp\u00e4testens Ende August.<\/p>\n<p><strong>Wir freuen uns!<\/strong><br \/>\nClaudia und Hans-J\u00f6rg<\/p>\n","protected":false},"excerpt":{"rendered":"<p>Unsere Trauung Trauen wollten wir uns nur zu zweit ???? &#8211; mehr braucht es daf\u00fcr nicht. \u00dcberraschend sind unsere Kinder pl\u00f6tzlich aufgetaucht, irgendwo muss wohl es einen Whistleblower gegeben haben! Als Standesamt hatten wir Gernsbach ausgew\u00e4hlt, weil wir anschlie\u00dfend wenigstens einen Abend und eine Nacht alleine im Schloss Eberstein verbringen wollten. Die Entscheidung f\u00fcr Gernsbach &hellip; <a href=\"https:\/\/www.kommfeiermit.de\/\" class=\"more-link\"><span class=\"screen-reader-text\">\u201eClaudia und Hans-J\u00f6rg &#8211; wir haben uns getraut\u2763\u201c <\/span>weiterlesen<\/a><\/p>\n","protected":false},"author":1,"featured_media":588,"parent":0,"menu_order":0,"comment_status":"open","ping_status":"closed","template":"","meta":{"footnotes":""},"class_list":["post-138","page","type-page","status-publish","has-post-thumbnail","hentry"],"_links":{"self":[{"href":"https:\/\/www.kommfeiermit.de\/index.php?rest_route=\/wp\/v2\/pages\/138","targetHints":{"allow":["GET"]}}],"collection":[{"href":"https:\/\/www.kommfeiermit.de\/index.php?rest_route=\/wp\/v2\/pages"}],"about":[{"href":"https:\/\/www.kommfeiermit.de\/index.php?rest_route=\/wp\/v2\/types\/page"}],"author":[{"embeddable":true,"href":"https:\/\/www.kommfeiermit.de\/index.php?rest_route=\/wp\/v2\/users\/1"}],"replies":[{"embeddable":true,"href":"https:\/\/www.kommfeiermit.de\/index.php?rest_route=%2Fwp%2Fv2%2Fcomments&post=138"}],"version-history":[{"count":48,"href":"https:\/\/www.kommfeiermit.de\/index.php?rest_route=\/wp\/v2\/pages\/138\/revisions"}],"predecessor-version":[{"id":837,"href":"https:\/\/www.kommfeiermit.de\/index.php?rest_route=\/wp\/v2\/pages\/138\/revisions\/837"}],"wp:featuredmedia":[{"embeddable":true,"href":"https:\/\/www.kommfeiermit.de\/index.php?rest_route=\/wp\/v2\/media\/588"}],"wp:attachment":[{"href":"https:\/\/www.kommfeiermit.de\/index.php?rest_route=%2Fwp%2Fv2%2Fmedia&parent=138"}],"curies":[{"name":"wp","href":"https:\/\/api.w.org\/{rel}","templated":true}]}}